{"id":2108,"date":"2022-04-06T11:57:13","date_gmt":"2022-04-06T16:57:13","guid":{"rendered":"https:\/\/region3.net\/?page_id=2108"},"modified":"2024-07-11T13:01:17","modified_gmt":"2024-07-11T18:01:17","slug":"apoyo-comunitario-de-emergencia","status":"publish","type":"page","link":"https:\/\/region3.net\/es\/la-manera-en-que-le-ayudamos\/apoyo-comunitario-de-emergencia\/","title":{"rendered":"Apoyo Comunitario de Emergencia"},"content":{"rendered":"\t\t<div data-elementor-type=\"wp-page\" data-elementor-id=\"2108\" class=\"elementor elementor-2108 elementor-871\" data-elementor-post-type=\"page\">\n\t\t\t\t\t\t<section class=\"elementor-section elementor-top-section elementor-element elementor-element-5c40e20 elementor-section-boxed elementor-section-height-default elementor-section-height-default row-top\" data-id=\"5c40e20\" data-element_type=\"section\" data-e-type=\"section\" data-settings=\"{&quot;background_background&quot;:&quot;classic&quot;}\">\n\t\t\t\t\t\t\t<div class=\"elementor-background-overlay\"><\/div>\n\t\t\t\t\t\t\t<div class=\"elementor-container elementor-column-gap-default\">\n\t\t\t\t\t<div class=\"elementor-column elementor-col-100 elementor-top-column elementor-element elementor-element-e9c3390 column-style-top\" data-id=\"e9c3390\" data-element_type=\"column\" data-e-type=\"column\">\n\t\t\t<div class=\"elementor-widget-wrap elementor-element-populated\">\n\t\t\t\t\t\t<div class=\"elementor-element elementor-element-7f623a0 elementor-widget elementor-widget-heading\" data-id=\"7f623a0\" data-element_type=\"widget\" data-e-type=\"widget\" data-widget_type=\"heading.default\">\n\t\t\t\t<div class=\"elementor-widget-container\">\n\t\t\t\t\t<h2 class=\"elementor-heading-title elementor-size-default\">Apoyo Comunitario de Emergencia<\/h2>\t\t\t\t<\/div>\n\t\t\t\t<\/div>\n\t\t\t\t\t<\/div>\n\t\t<\/div>\n\t\t\t\t\t<\/div>\n\t\t<\/section>\n\t\t\t\t<section class=\"elementor-section elementor-top-section elementor-element elementor-element-d1eb168 elementor-section-stretched elementor-section-boxed elementor-section-height-default elementor-section-height-default row-top\" data-id=\"d1eb168\" data-element_type=\"section\" data-e-type=\"section\" data-settings=\"{&quot;stretch_section&quot;:&quot;section-stretched&quot;,&quot;background_background&quot;:&quot;classic&quot;}\">\n\t\t\t\t\t\t<div class=\"elementor-container elementor-column-gap-default\">\n\t\t\t\t\t<div class=\"elementor-column elementor-col-100 elementor-top-column elementor-element elementor-element-b4680b2 column-style-top\" data-id=\"b4680b2\" data-element_type=\"column\" data-e-type=\"column\">\n\t\t\t<div class=\"elementor-widget-wrap elementor-element-populated\">\n\t\t\t\t\t\t<div class=\"elementor-element elementor-element-5c06567 py-md elementor-widget elementor-widget-text-editor\" data-id=\"5c06567\" data-element_type=\"widget\" data-e-type=\"widget\" data-widget_type=\"text-editor.default\">\n\t\t\t\t<div class=\"elementor-widget-container\">\n\t\t\t\t\t\t\t\t\t<p>Valoramos mucho el individualismo de cada persona y creemos que cada persona es parte esencial de nuestra comunidad. Nuestro Programa de Apoyo Comunitario de Emergencia es un servicio voluntario informado de trauma para el manejo de casos de salud de comportamiento. Este servicio provee apoyo que hace seguimiento a corto plazo y tambi\u00e9n coordinaci\u00f3n de apoyo para personas con necesidades complicadas.<\/p>\t\t\t\t\t\t\t\t<\/div>\n\t\t\t\t<\/div>\n\t\t\t\t\t<\/div>\n\t\t<\/div>\n\t\t\t\t\t<\/div>\n\t\t<\/section>\n\t\t\t\t<section class=\"elementor-section elementor-top-section elementor-element elementor-element-07365a4 elementor-section-stretched py-md elementor-section-full_width elementor-section-height-default elementor-section-height-default row-top\" data-id=\"07365a4\" data-element_type=\"section\" data-e-type=\"section\" data-settings=\"{&quot;stretch_section&quot;:&quot;section-stretched&quot;,&quot;background_background&quot;:&quot;classic&quot;}\">\n\t\t\t\t\t\t<div class=\"elementor-container elementor-column-gap-default\">\n\t\t\t\t\t<div class=\"elementor-column elementor-col-100 elementor-top-column elementor-element elementor-element-e07ff8b column-style-top\" data-id=\"e07ff8b\" data-element_type=\"column\" data-e-type=\"column\">\n\t\t\t<div class=\"elementor-widget-wrap elementor-element-populated\">\n\t\t\t\t\t\t<section class=\"elementor-section elementor-inner-section elementor-element elementor-element-0a0caec elementor-section-boxed elementor-section-height-default elementor-section-height-default row-top\" data-id=\"0a0caec\" data-element_type=\"section\" data-e-type=\"section\">\n\t\t\t\t\t\t<div class=\"elementor-container elementor-column-gap-default\">\n\t\t\t\t\t<div class=\"elementor-column elementor-col-100 elementor-inner-column elementor-element elementor-element-0d2d0ed column-style-top\" data-id=\"0d2d0ed\" data-element_type=\"column\" data-e-type=\"column\">\n\t\t\t<div class=\"elementor-widget-wrap elementor-element-populated\">\n\t\t\t\t\t\t<div class=\"elementor-element elementor-element-24acd11 elementor-widget__width-initial elementor-widget elementor-widget-heading\" data-id=\"24acd11\" data-element_type=\"widget\" data-e-type=\"widget\" data-widget_type=\"heading.default\">\n\t\t\t\t<div class=\"elementor-widget-container\">\n\t\t\t\t\t<h2 class=\"elementor-heading-title elementor-size-default\">\u00bfC\u00f3mo funciona?<\/h2>\t\t\t\t<\/div>\n\t\t\t\t<\/div>\n\t\t\t\t<div class=\"elementor-element elementor-element-45667bc elementor-widget elementor-widget-spacer\" data-id=\"45667bc\" data-element_type=\"widget\" data-e-type=\"widget\" data-widget_type=\"spacer.default\">\n\t\t\t\t<div class=\"elementor-widget-container\">\n\t\t\t\t\t\t\t<div class=\"elementor-spacer\">\n\t\t\t<div class=\"elementor-spacer-inner\"><\/div>\n\t\t<\/div>\n\t\t\t\t\t\t<\/div>\n\t\t\t\t<\/div>\n\t\t\t\t<div class=\"elementor-element elementor-element-4d8799f elementor-widget elementor-widget-text-editor\" data-id=\"4d8799f\" data-element_type=\"widget\" data-e-type=\"widget\" data-widget_type=\"text-editor.default\">\n\t\t\t\t<div class=\"elementor-widget-container\">\n\t\t\t\t\t\t\t\t\t<p><em>Emergency Community Support<\/em> (ERCS por sus siglas en ingl\u00e9s) Apoyo Comunitario de Emergencia asiste a consumidores por conectarlos con servicios apropiados y\/o apoyos para cumplir las necesidades individuales. Este programa de corto plazo tiene como objetivo ayudar a los j\u00f3venes de edad de transici\u00f3n (edades 14 a 26 a\u00f1os) y adultos que han experimentado recientemente una crisis relacionada a la salud mental y\/o adicci\u00f3n para que puedan alcanzar las metas de recuperaci\u00f3n, estabilizaci\u00f3n, m\u00e1s independencia, e integraci\u00f3n en la comunidad. Este servicio de manejo de caso informado de trauma tambi\u00e9n ayuda a las personas en las c\u00e1rceles de los condados Buffalo y Phelps que tienen dificultades con la salud mental y\/o adicciones. Los Coordinadores ERCS proveen apoyo y defensa actual por 90 d\u00edas a 120 d\u00edas o como determinado por la necesidad individual.<\/p>\t\t\t\t\t\t\t\t<\/div>\n\t\t\t\t<\/div>\n\t\t\t\t\t<\/div>\n\t\t<\/div>\n\t\t\t\t\t<\/div>\n\t\t<\/section>\n\t\t\t\t\t<\/div>\n\t\t<\/div>\n\t\t\t\t\t<\/div>\n\t\t<\/section>\n\t\t\t\t<section class=\"elementor-section elementor-top-section elementor-element elementor-element-45f0188 pt-md elementor-section-full_width elementor-section-height-default elementor-section-height-default row-top\" data-id=\"45f0188\" data-element_type=\"section\" data-e-type=\"section\">\n\t\t\t\t\t\t<div class=\"elementor-container elementor-column-gap-default\">\n\t\t\t\t\t<div class=\"elementor-column elementor-col-100 elementor-top-column elementor-element elementor-element-3c9463c column-style-top\" data-id=\"3c9463c\" data-element_type=\"column\" data-e-type=\"column\">\n\t\t\t<div class=\"elementor-widget-wrap elementor-element-populated\">\n\t\t\t\t\t\t<div class=\"elementor-element elementor-element-eab8750 elementor-widget__width-initial elementor-widget elementor-widget-heading\" data-id=\"eab8750\" data-element_type=\"widget\" data-e-type=\"widget\" data-widget_type=\"heading.default\">\n\t\t\t\t<div class=\"elementor-widget-container\">\n\t\t\t\t\t<h2 class=\"elementor-heading-title elementor-size-default\">Nuestro \u00e1rea de servicio<\/h2>\t\t\t\t<\/div>\n\t\t\t\t<\/div>\n\t\t\t\t<div class=\"elementor-element elementor-element-17d4ad7 elementor-widget elementor-widget-text-editor\" data-id=\"17d4ad7\" data-element_type=\"widget\" data-e-type=\"widget\" data-widget_type=\"text-editor.default\">\n\t\t\t\t<div class=\"elementor-widget-container\">\n\t\t\t\t\t\t\t\t\t<p>Este servicio se contrata por Servicios de Salud de Comportamiento de Regi\u00f3n 3 para personas que viven en los siguientes 22 condados: Adams, Blaine, Buffalo, Clay, Custer, Franklin, Furnas, Garfield, Greeley, Hall, Hamilton, Harlan, Howard, Kearney, Loup, Merrick, Nuckolls, Phelps, Sherman, Valley, Webster, y Wheeler.<\/p>\t\t\t\t\t\t\t\t<\/div>\n\t\t\t\t<\/div>\n\t\t\t\t<div class=\"elementor-element elementor-element-849e32b elementor-widget elementor-widget-image\" data-id=\"849e32b\" data-element_type=\"widget\" data-e-type=\"widget\" data-widget_type=\"image.default\">\n\t\t\t\t<div class=\"elementor-widget-container\">\n\t\t\t\t\t\t\t\t\t\t\t\t\t\t\t<img fetchpriority=\"high\" decoding=\"async\" width=\"1920\" height=\"1080\" src=\"https:\/\/region3.net\/wp-content\/uploads\/2022\/08\/Control-Yours-Nebraska-Map-Design-optimized.jpg\" class=\"attachment-full size-full wp-image-1664\" alt=\"\" srcset=\"https:\/\/region3.net\/wp-content\/uploads\/2022\/08\/Control-Yours-Nebraska-Map-Design-optimized.jpg 1920w, https:\/\/region3.net\/wp-content\/uploads\/2022\/08\/Control-Yours-Nebraska-Map-Design-optimized-1024x576.jpg 1024w, https:\/\/region3.net\/wp-content\/uploads\/2022\/08\/Control-Yours-Nebraska-Map-Design-optimized-768x432.jpg 768w\" sizes=\"(max-width: 1920px) 100vw, 1920px\" \/>\t\t\t\t\t\t\t\t\t\t\t\t\t\t\t<\/div>\n\t\t\t\t<\/div>\n\t\t\t\t<div class=\"elementor-element elementor-element-2c06bc8 elementor-widget elementor-widget-text-editor\" data-id=\"2c06bc8\" data-element_type=\"widget\" data-e-type=\"widget\" data-widget_type=\"text-editor.default\">\n\t\t\t\t<div class=\"elementor-widget-container\">\n\t\t\t\t\t\t\t\t\t<p><strong>NO hay tarifa para la coordinaci\u00f3n de servicios de Apoyo Comunitario de Emergencia de Regi\u00f3n 3. <\/strong><\/p>\t\t\t\t\t\t\t\t<\/div>\n\t\t\t\t<\/div>\n\t\t\t\t<div class=\"elementor-element elementor-element-3acf1b7 elementor-widget elementor-widget-text-editor\" data-id=\"3acf1b7\" data-element_type=\"widget\" data-e-type=\"widget\" data-widget_type=\"text-editor.default\">\n\t\t\t\t<div class=\"elementor-widget-container\">\n\t\t\t\t\t\t\t\t\t<p>Para m\u00e1s informaci\u00f3n, contacte:<\/p><p><span style=\"font-weight: 300;\">Caleb Davis<br \/><em>Emergency Community Support Supervisor<\/em> (Supervisor de Apoyo Comunitario de Emergencia)<br \/><\/span><\/p><p><span style=\"font-weight: 300;\">308-237-5113, Ext. 258<\/span><\/p><p>cdavis@region3.net<\/p>\t\t\t\t\t\t\t\t<\/div>\n\t\t\t\t<\/div>\n\t\t\t\t\t<\/div>\n\t\t<\/div>\n\t\t\t\t\t<\/div>\n\t\t<\/section>\n\t\t\t\t<\/div>\n\t\t","protected":false},"excerpt":{"rendered":"<p>Apoyo Comunitario de Emergencia Valoramos mucho el individualismo de cada persona y creemos que cada persona es parte esencial de nuestra comunidad. Nuestro Programa de Apoyo Comunitario de Emergencia es [&hellip;]<\/p>\n","protected":false},"author":3,"featured_media":0,"parent":2028,"menu_order":0,"comment_status":"closed","ping_status":"closed","template":"elementor_header_footer","meta":{"inline_featured_image":false,"footnotes":""},"class_list":["post-2108","page","type-page","status-publish","hentry"],"yoast_head":"<!-- This site is optimized with the Yoast SEO plugin v25.4 - https:\/\/yoast.com\/wordpress\/plugins\/seo\/ -->\n<title>Apoyo Comunitario de Emergencia - Region 3 Behavioral Health Services<\/title>\n<meta name=\"robots\" content=\"index, follow, max-snippet:-1, max-image-preview:large, max-video-preview:-1\" \/>\n<link rel=\"canonical\" href=\"https:\/\/region3.net\/es\/la-manera-en-que-le-ayudamos\/apoyo-comunitario-de-emergencia\/\" \/>\n<meta property=\"og:locale\" content=\"es_ES\" \/>\n<meta property=\"og:type\" content=\"article\" \/>\n<meta property=\"og:title\" content=\"Apoyo Comunitario de Emergencia - Region 3 Behavioral Health Services\" \/>\n<meta property=\"og:description\" content=\"Apoyo Comunitario de Emergencia Valoramos mucho el individualismo de cada persona y creemos que cada persona es parte esencial de nuestra comunidad. Nuestro Programa de Apoyo Comunitario de Emergencia es [&hellip;]\" \/>\n<meta property=\"og:url\" content=\"https:\/\/region3.net\/es\/la-manera-en-que-le-ayudamos\/apoyo-comunitario-de-emergencia\/\" \/>\n<meta property=\"og:site_name\" content=\"Region 3 Behavioral Health Services\" \/>\n<meta property=\"article:modified_time\" content=\"2024-07-11T18:01:17+00:00\" \/>\n<meta property=\"og:image\" content=\"https:\/\/region3.net\/wp-content\/uploads\/2020\/12\/launch-region3-01.jpg\" \/>\n<meta name=\"twitter:card\" content=\"summary_large_image\" \/>\n<meta name=\"twitter:label1\" content=\"Tiempo de lectura\" \/>\n\t<meta name=\"twitter:data1\" content=\"2 minutos\" \/>\n<script type=\"application\/ld+json\" class=\"yoast-schema-graph\">{\"@context\":\"https:\/\/schema.org\",\"@graph\":[{\"@type\":\"WebPage\",\"@id\":\"https:\/\/region3.net\/es\/la-manera-en-que-le-ayudamos\/apoyo-comunitario-de-emergencia\/\",\"url\":\"https:\/\/region3.net\/es\/la-manera-en-que-le-ayudamos\/apoyo-comunitario-de-emergencia\/\",\"name\":\"Apoyo Comunitario de Emergencia - Region 3 Behavioral Health Services\",\"isPartOf\":{\"@id\":\"https:\/\/region3.net\/es\/#website\"},\"primaryImageOfPage\":{\"@id\":\"https:\/\/region3.net\/es\/la-manera-en-que-le-ayudamos\/apoyo-comunitario-de-emergencia\/#primaryimage\"},\"image\":{\"@id\":\"https:\/\/region3.net\/es\/la-manera-en-que-le-ayudamos\/apoyo-comunitario-de-emergencia\/#primaryimage\"},\"thumbnailUrl\":\"https:\/\/region3.net\/wp-content\/uploads\/2022\/08\/Control-Yours-Nebraska-Map-Design-optimized.jpg\",\"datePublished\":\"2022-04-06T16:57:13+00:00\",\"dateModified\":\"2024-07-11T18:01:17+00:00\",\"breadcrumb\":{\"@id\":\"https:\/\/region3.net\/es\/la-manera-en-que-le-ayudamos\/apoyo-comunitario-de-emergencia\/#breadcrumb\"},\"inLanguage\":\"es\",\"potentialAction\":[{\"@type\":\"ReadAction\",\"target\":[\"https:\/\/region3.net\/es\/la-manera-en-que-le-ayudamos\/apoyo-comunitario-de-emergencia\/\"]}]},{\"@type\":\"ImageObject\",\"inLanguage\":\"es\",\"@id\":\"https:\/\/region3.net\/es\/la-manera-en-que-le-ayudamos\/apoyo-comunitario-de-emergencia\/#primaryimage\",\"url\":\"https:\/\/region3.net\/wp-content\/uploads\/2022\/08\/Control-Yours-Nebraska-Map-Design-optimized.jpg\",\"contentUrl\":\"https:\/\/region3.net\/wp-content\/uploads\/2022\/08\/Control-Yours-Nebraska-Map-Design-optimized.jpg\"},{\"@type\":\"BreadcrumbList\",\"@id\":\"https:\/\/region3.net\/es\/la-manera-en-que-le-ayudamos\/apoyo-comunitario-de-emergencia\/#breadcrumb\",\"itemListElement\":[{\"@type\":\"ListItem\",\"position\":1,\"name\":\"Home\",\"item\":\"https:\/\/region3.net\/es\/\"},{\"@type\":\"ListItem\",\"position\":2,\"name\":\"La Manera en que le Ayudamos\",\"item\":\"https:\/\/region3.net\/es\/la-manera-en-que-le-ayudamos\/\"},{\"@type\":\"ListItem\",\"position\":3,\"name\":\"Apoyo Comunitario de Emergencia\"}]},{\"@type\":\"WebSite\",\"@id\":\"https:\/\/region3.net\/es\/#website\",\"url\":\"https:\/\/region3.net\/es\/\",\"name\":\"Region 3 Behavioral Health Services\",\"description\":\"\",\"publisher\":{\"@id\":\"https:\/\/region3.net\/es\/#organization\"},\"potentialAction\":[{\"@type\":\"SearchAction\",\"target\":{\"@type\":\"EntryPoint\",\"urlTemplate\":\"https:\/\/region3.net\/es\/?s={search_term_string}\"},\"query-input\":{\"@type\":\"PropertyValueSpecification\",\"valueRequired\":true,\"valueName\":\"search_term_string\"}}],\"inLanguage\":\"es\"},{\"@type\":\"Organization\",\"@id\":\"https:\/\/region3.net\/es\/#organization\",\"name\":\"Region 3 Behavioral Health Services\",\"url\":\"https:\/\/region3.net\/es\/\",\"logo\":{\"@type\":\"ImageObject\",\"inLanguage\":\"es\",\"@id\":\"https:\/\/region3.net\/es\/#\/schema\/logo\/image\/\",\"url\":\"https:\/\/region3.net\/wp-content\/uploads\/2020\/12\/region3-logo.jpg\",\"contentUrl\":\"https:\/\/region3.net\/wp-content\/uploads\/2020\/12\/region3-logo.jpg\",\"width\":800,\"height\":499,\"caption\":\"Region 3 Behavioral Health Services\"},\"image\":{\"@id\":\"https:\/\/region3.net\/es\/#\/schema\/logo\/image\/\"}}]}<\/script>\n<!-- \/ Yoast SEO plugin. -->","yoast_head_json":{"title":"Apoyo Comunitario de Emergencia - Region 3 Behavioral Health Services","robots":{"index":"index","follow":"follow","max-snippet":"max-snippet:-1","max-image-preview":"max-image-preview:large","max-video-preview":"max-video-preview:-1"},"canonical":"https:\/\/region3.net\/es\/la-manera-en-que-le-ayudamos\/apoyo-comunitario-de-emergencia\/","og_locale":"es_ES","og_type":"article","og_title":"Apoyo Comunitario de Emergencia - Region 3 Behavioral Health Services","og_description":"Apoyo Comunitario de Emergencia Valoramos mucho el individualismo de cada persona y creemos que cada persona es parte esencial de nuestra comunidad. Nuestro Programa de Apoyo Comunitario de Emergencia es [&hellip;]","og_url":"https:\/\/region3.net\/es\/la-manera-en-que-le-ayudamos\/apoyo-comunitario-de-emergencia\/","og_site_name":"Region 3 Behavioral Health Services","article_modified_time":"2024-07-11T18:01:17+00:00","og_image":[{"url":"https:\/\/region3.net\/wp-content\/uploads\/2020\/12\/launch-region3-01.jpg","type":"","width":"","height":""}],"twitter_card":"summary_large_image","twitter_misc":{"Tiempo de lectura":"2 minutos"},"schema":{"@context":"https:\/\/schema.org","@graph":[{"@type":"WebPage","@id":"https:\/\/region3.net\/es\/la-manera-en-que-le-ayudamos\/apoyo-comunitario-de-emergencia\/","url":"https:\/\/region3.net\/es\/la-manera-en-que-le-ayudamos\/apoyo-comunitario-de-emergencia\/","name":"Apoyo Comunitario de Emergencia - Region 3 Behavioral Health Services","isPartOf":{"@id":"https:\/\/region3.net\/es\/#website"},"primaryImageOfPage":{"@id":"https:\/\/region3.net\/es\/la-manera-en-que-le-ayudamos\/apoyo-comunitario-de-emergencia\/#primaryimage"},"image":{"@id":"https:\/\/region3.net\/es\/la-manera-en-que-le-ayudamos\/apoyo-comunitario-de-emergencia\/#primaryimage"},"thumbnailUrl":"https:\/\/region3.net\/wp-content\/uploads\/2022\/08\/Control-Yours-Nebraska-Map-Design-optimized.jpg","datePublished":"2022-04-06T16:57:13+00:00","dateModified":"2024-07-11T18:01:17+00:00","breadcrumb":{"@id":"https:\/\/region3.net\/es\/la-manera-en-que-le-ayudamos\/apoyo-comunitario-de-emergencia\/#breadcrumb"},"inLanguage":"es","potentialAction":[{"@type":"ReadAction","target":["https:\/\/region3.net\/es\/la-manera-en-que-le-ayudamos\/apoyo-comunitario-de-emergencia\/"]}]},{"@type":"ImageObject","inLanguage":"es","@id":"https:\/\/region3.net\/es\/la-manera-en-que-le-ayudamos\/apoyo-comunitario-de-emergencia\/#primaryimage","url":"https:\/\/region3.net\/wp-content\/uploads\/2022\/08\/Control-Yours-Nebraska-Map-Design-optimized.jpg","contentUrl":"https:\/\/region3.net\/wp-content\/uploads\/2022\/08\/Control-Yours-Nebraska-Map-Design-optimized.jpg"},{"@type":"BreadcrumbList","@id":"https:\/\/region3.net\/es\/la-manera-en-que-le-ayudamos\/apoyo-comunitario-de-emergencia\/#breadcrumb","itemListElement":[{"@type":"ListItem","position":1,"name":"Home","item":"https:\/\/region3.net\/es\/"},{"@type":"ListItem","position":2,"name":"La Manera en que le Ayudamos","item":"https:\/\/region3.net\/es\/la-manera-en-que-le-ayudamos\/"},{"@type":"ListItem","position":3,"name":"Apoyo Comunitario de Emergencia"}]},{"@type":"WebSite","@id":"https:\/\/region3.net\/es\/#website","url":"https:\/\/region3.net\/es\/","name":"Region 3 Behavioral Health Services","description":"","publisher":{"@id":"https:\/\/region3.net\/es\/#organization"},"potentialAction":[{"@type":"SearchAction","target":{"@type":"EntryPoint","urlTemplate":"https:\/\/region3.net\/es\/?s={search_term_string}"},"query-input":{"@type":"PropertyValueSpecification","valueRequired":true,"valueName":"search_term_string"}}],"inLanguage":"es"},{"@type":"Organization","@id":"https:\/\/region3.net\/es\/#organization","name":"Region 3 Behavioral Health Services","url":"https:\/\/region3.net\/es\/","logo":{"@type":"ImageObject","inLanguage":"es","@id":"https:\/\/region3.net\/es\/#\/schema\/logo\/image\/","url":"https:\/\/region3.net\/wp-content\/uploads\/2020\/12\/region3-logo.jpg","contentUrl":"https:\/\/region3.net\/wp-content\/uploads\/2020\/12\/region3-logo.jpg","width":800,"height":499,"caption":"Region 3 Behavioral Health Services"},"image":{"@id":"https:\/\/region3.net\/es\/#\/schema\/logo\/image\/"}}]}},"_links":{"self":[{"href":"https:\/\/region3.net\/es\/wp-json\/wp\/v2\/pages\/2108","targetHints":{"allow":["GET"]}}],"collection":[{"href":"https:\/\/region3.net\/es\/wp-json\/wp\/v2\/pages"}],"about":[{"href":"https:\/\/region3.net\/es\/wp-json\/wp\/v2\/types\/page"}],"author":[{"embeddable":true,"href":"https:\/\/region3.net\/es\/wp-json\/wp\/v2\/users\/3"}],"replies":[{"embeddable":true,"href":"https:\/\/region3.net\/es\/wp-json\/wp\/v2\/comments?post=2108"}],"version-history":[{"count":0,"href":"https:\/\/region3.net\/es\/wp-json\/wp\/v2\/pages\/2108\/revisions"}],"up":[{"embeddable":true,"href":"https:\/\/region3.net\/es\/wp-json\/wp\/v2\/pages\/2028"}],"wp:attachment":[{"href":"https:\/\/region3.net\/es\/wp-json\/wp\/v2\/media?parent=2108"}],"curies":[{"name":"wp","href":"https:\/\/api.w.org\/{rel}","templated":true}]}}