{"id":2107,"date":"2022-04-06T12:02:07","date_gmt":"2022-04-06T17:02:07","guid":{"rendered":"https:\/\/region3.net\/?page_id=2107"},"modified":"2024-07-11T12:59:33","modified_gmt":"2024-07-11T17:59:33","slug":"defensa-para-consumidores","status":"publish","type":"page","link":"https:\/\/region3.net\/es\/la-manera-en-que-le-ayudamos\/defensa-para-consumidores\/","title":{"rendered":"Defensa para Consumidores"},"content":{"rendered":"\t\t<div data-elementor-type=\"wp-page\" data-elementor-id=\"2107\" class=\"elementor elementor-2107 elementor-873\" data-elementor-post-type=\"page\">\n\t\t\t\t\t\t<section class=\"elementor-section elementor-top-section elementor-element elementor-element-5c40e20 elementor-section-boxed elementor-section-height-default elementor-section-height-default row-top\" data-id=\"5c40e20\" data-element_type=\"section\" data-e-type=\"section\" data-settings=\"{&quot;background_background&quot;:&quot;classic&quot;}\">\n\t\t\t\t\t\t\t<div class=\"elementor-background-overlay\"><\/div>\n\t\t\t\t\t\t\t<div class=\"elementor-container elementor-column-gap-default\">\n\t\t\t\t\t<div class=\"elementor-column elementor-col-100 elementor-top-column elementor-element elementor-element-e9c3390 column-style-top\" data-id=\"e9c3390\" data-element_type=\"column\" data-e-type=\"column\">\n\t\t\t<div class=\"elementor-widget-wrap elementor-element-populated\">\n\t\t\t\t\t\t<div class=\"elementor-element elementor-element-7f623a0 elementor-widget elementor-widget-heading\" data-id=\"7f623a0\" data-element_type=\"widget\" data-e-type=\"widget\" data-widget_type=\"heading.default\">\n\t\t\t\t<div class=\"elementor-widget-container\">\n\t\t\t\t\t<h2 class=\"elementor-heading-title elementor-size-default\">Defensa para Consumidores<\/h2>\t\t\t\t<\/div>\n\t\t\t\t<\/div>\n\t\t\t\t\t<\/div>\n\t\t<\/div>\n\t\t\t\t\t<\/div>\n\t\t<\/section>\n\t\t\t\t<section class=\"elementor-section elementor-top-section elementor-element elementor-element-d1eb168 elementor-section-stretched elementor-section-boxed elementor-section-height-default elementor-section-height-default row-top\" data-id=\"d1eb168\" data-element_type=\"section\" data-e-type=\"section\" data-settings=\"{&quot;stretch_section&quot;:&quot;section-stretched&quot;,&quot;background_background&quot;:&quot;classic&quot;}\">\n\t\t\t\t\t\t<div class=\"elementor-container elementor-column-gap-default\">\n\t\t\t\t\t<div class=\"elementor-column elementor-col-100 elementor-top-column elementor-element elementor-element-b4680b2 column-style-top\" data-id=\"b4680b2\" data-element_type=\"column\" data-e-type=\"column\">\n\t\t\t<div class=\"elementor-widget-wrap elementor-element-populated\">\n\t\t\t\t\t\t<div class=\"elementor-element elementor-element-5c06567 pt-sm elementor-widget elementor-widget-text-editor\" data-id=\"5c06567\" data-element_type=\"widget\" data-e-type=\"widget\" data-widget_type=\"text-editor.default\">\n\t\t\t\t<div class=\"elementor-widget-container\">\n\t\t\t\t\t\t\t\t\t<p>Ofrecemos capacitaci\u00f3n para los Especialistas de Pares para defender y apoyar a las personas que participan en los servicios de salud de comportamiento. Los Especialistas de Pares ayudan a dirigir a las personas hasta el bienestar y recuperaci\u00f3n de enfermedades mentales y\/o el abuso de drogas. Los Especialistas de Pares se re\u00fanen con personas de todas edades y sus familias y sistema de apoyo a lo largo de toda el \u00e1rea geogr\u00e1fica de Regi\u00f3n 3. Regi\u00f3n 3 hace equipo con la <em>Office of Consumer Affairs of the Division of Behavioral Health<\/em> (Oficina de Asuntos de Consumidores de la Divisi\u00f3n de Salud de Comportamiento) para ofrecer capacitaci\u00f3n, promoci\u00f3n, e iniciativas estatales.<\/p>\t\t\t\t\t\t\t\t<\/div>\n\t\t\t\t<\/div>\n\t\t\t\t<div class=\"elementor-element elementor-element-a664e68 py-sm elementor-widget elementor-widget-text-editor\" data-id=\"a664e68\" data-element_type=\"widget\" data-e-type=\"widget\" data-widget_type=\"text-editor.default\">\n\t\t\t\t<div class=\"elementor-widget-container\">\n\t\t\t\t\t\t\t\t\t<p>Para m\u00e1s informaci\u00f3n sobre la Defensa para Consumidores, contacte:<\/p><p>Tammy Fiala<br \/><em>Regional Consumer Specialist<\/em> (Especialista Regional para Consumidores)<br \/>308-237-5113 Ext. 235<br \/><a href=\"mailto:tfiala@region3.net\" target=\"_blank\" rel=\"noopener\">tfiala@region3.net<\/a><\/p>\t\t\t\t\t\t\t\t<\/div>\n\t\t\t\t<\/div>\n\t\t\t\t\t<\/div>\n\t\t<\/div>\n\t\t\t\t\t<\/div>\n\t\t<\/section>\n\t\t\t\t<section class=\"elementor-section elementor-top-section elementor-element elementor-element-07365a4 elementor-section-stretched py-md elementor-section-full_width elementor-section-content-middle elementor-section-height-default elementor-section-height-default row-top\" data-id=\"07365a4\" data-element_type=\"section\" data-e-type=\"section\" data-settings=\"{&quot;stretch_section&quot;:&quot;section-stretched&quot;,&quot;background_background&quot;:&quot;classic&quot;}\">\n\t\t\t\t\t\t<div class=\"elementor-container elementor-column-gap-default\">\n\t\t\t\t\t<div class=\"elementor-column elementor-col-100 elementor-top-column elementor-element elementor-element-e07ff8b column-style-top\" data-id=\"e07ff8b\" data-element_type=\"column\" data-e-type=\"column\">\n\t\t\t<div class=\"elementor-widget-wrap elementor-element-populated\">\n\t\t\t\t\t\t<section class=\"elementor-section elementor-inner-section elementor-element elementor-element-0a0caec elementor-section-boxed elementor-section-height-default elementor-section-height-default row-top\" data-id=\"0a0caec\" data-element_type=\"section\" data-e-type=\"section\">\n\t\t\t\t\t\t<div class=\"elementor-container elementor-column-gap-default\">\n\t\t\t\t\t<div class=\"elementor-column elementor-col-50 elementor-inner-column elementor-element elementor-element-0d2d0ed column-style-top\" data-id=\"0d2d0ed\" data-element_type=\"column\" data-e-type=\"column\">\n\t\t\t<div class=\"elementor-widget-wrap elementor-element-populated\">\n\t\t\t\t\t\t<div class=\"elementor-element elementor-element-24acd11 elementor-widget__width-initial elementor-widget elementor-widget-heading\" data-id=\"24acd11\" data-element_type=\"widget\" data-e-type=\"widget\" data-widget_type=\"heading.default\">\n\t\t\t\t<div class=\"elementor-widget-container\">\n\t\t\t\t\t<h2 class=\"elementor-heading-title elementor-size-default\"><a href=\"http:\/\/dhhs.ne.gov\/Pages\/Consumer-Advocacy.aspx\" target=\"_blank\">Apoyo de Pares en Nebraska &gt;<\/a><\/h2>\t\t\t\t<\/div>\n\t\t\t\t<\/div>\n\t\t\t\t<div class=\"elementor-element elementor-element-45667bc elementor-widget elementor-widget-spacer\" data-id=\"45667bc\" data-element_type=\"widget\" data-e-type=\"widget\" data-widget_type=\"spacer.default\">\n\t\t\t\t<div class=\"elementor-widget-container\">\n\t\t\t\t\t\t\t<div class=\"elementor-spacer\">\n\t\t\t<div class=\"elementor-spacer-inner\"><\/div>\n\t\t<\/div>\n\t\t\t\t\t\t<\/div>\n\t\t\t\t<\/div>\n\t\t\t\t\t<\/div>\n\t\t<\/div>\n\t\t\t\t<div class=\"elementor-column elementor-col-50 elementor-inner-column elementor-element elementor-element-238bfe3 column-style-top\" data-id=\"238bfe3\" data-element_type=\"column\" data-e-type=\"column\">\n\t\t\t<div class=\"elementor-widget-wrap elementor-element-populated\">\n\t\t\t\t\t\t<div class=\"elementor-element elementor-element-caba53a elementor-widget__width-initial elementor-widget elementor-widget-heading\" data-id=\"caba53a\" data-element_type=\"widget\" data-e-type=\"widget\" data-widget_type=\"heading.default\">\n\t\t\t\t<div class=\"elementor-widget-container\">\n\t\t\t\t\t<h2 class=\"elementor-heading-title elementor-size-default\"><a href=\"http:\/\/dhhs.ne.gov\/Pages\/Peer-Support-Training-Certification.aspx\" target=\"_blank\">Certificaci\u00f3n y Curr\u00edculo de Apoyo de Pares &gt;<\/a><\/h2>\t\t\t\t<\/div>\n\t\t\t\t<\/div>\n\t\t\t\t\t<\/div>\n\t\t<\/div>\n\t\t\t\t\t<\/div>\n\t\t<\/section>\n\t\t\t\t\t<\/div>\n\t\t<\/div>\n\t\t\t\t\t<\/div>\n\t\t<\/section>\n\t\t\t\t<section class=\"elementor-section elementor-top-section elementor-element elementor-element-45f0188 pt-md elementor-section-full_width elementor-section-height-default elementor-section-height-default row-top\" data-id=\"45f0188\" data-element_type=\"section\" data-e-type=\"section\">\n\t\t\t\t\t\t<div class=\"elementor-container elementor-column-gap-default\">\n\t\t\t\t\t<div class=\"elementor-column elementor-col-33 elementor-top-column elementor-element elementor-element-562aab7 column-style-top\" data-id=\"562aab7\" data-element_type=\"column\" data-e-type=\"column\">\n\t\t\t<div class=\"elementor-widget-wrap\">\n\t\t\t\t\t\t\t<\/div>\n\t\t<\/div>\n\t\t\t\t<div class=\"elementor-column elementor-col-33 elementor-top-column elementor-element elementor-element-3c9463c column-style-top\" data-id=\"3c9463c\" data-element_type=\"column\" data-e-type=\"column\">\n\t\t\t<div class=\"elementor-widget-wrap elementor-element-populated\">\n\t\t\t\t\t\t<div class=\"elementor-element elementor-element-eab8750 elementor-widget__width-inherit elementor-widget elementor-widget-heading\" data-id=\"eab8750\" data-element_type=\"widget\" data-e-type=\"widget\" data-widget_type=\"heading.default\">\n\t\t\t\t<div class=\"elementor-widget-container\">\n\t\t\t\t\t<h2 class=\"elementor-heading-title elementor-size-default\">Servicios de Salud de Comportamiento de Regi\u00f3n 3 sirve estos condados:<\/h2>\t\t\t\t<\/div>\n\t\t\t\t<\/div>\n\t\t\t\t<div class=\"elementor-element elementor-element-17d4ad7 elementor-widget elementor-widget-text-editor\" data-id=\"17d4ad7\" data-element_type=\"widget\" data-e-type=\"widget\" data-widget_type=\"text-editor.default\">\n\t\t\t\t<div class=\"elementor-widget-container\">\n\t\t\t\t\t\t\t\t\t<p>Adams, Blaine, Buffalo, Clay, Custer, Franklin, Furnas, Garfield, Greeley, Hall, Hamilton, Harlan, Howard, Kearney, Loup, Merrick, Nuckolls, Phelps, Valley, Sherman, Webster y Wheeler.<\/p>\t\t\t\t\t\t\t\t<\/div>\n\t\t\t\t<\/div>\n\t\t\t\t<div class=\"elementor-element elementor-element-c620638 elementor-widget elementor-widget-image\" data-id=\"c620638\" data-element_type=\"widget\" data-e-type=\"widget\" data-widget_type=\"image.default\">\n\t\t\t\t<div class=\"elementor-widget-container\">\n\t\t\t\t\t\t\t\t\t\t\t\t\t\t\t<img fetchpriority=\"high\" decoding=\"async\" width=\"900\" height=\"506\" src=\"https:\/\/region3.net\/wp-content\/uploads\/2022\/04\/Control-Yours-Nebraska-Map-Design-1024x576.jpg\" class=\"attachment-large size-large wp-image-1630\" alt=\"\" srcset=\"https:\/\/region3.net\/wp-content\/uploads\/2022\/04\/Control-Yours-Nebraska-Map-Design-1024x576.jpg 1024w, https:\/\/region3.net\/wp-content\/uploads\/2022\/04\/Control-Yours-Nebraska-Map-Design-768x432.jpg 768w, https:\/\/region3.net\/wp-content\/uploads\/2022\/04\/Control-Yours-Nebraska-Map-Design.jpg 1920w\" sizes=\"(max-width: 900px) 100vw, 900px\" \/>\t\t\t\t\t\t\t\t\t\t\t\t\t\t\t<\/div>\n\t\t\t\t<\/div>\n\t\t\t\t\t<\/div>\n\t\t<\/div>\n\t\t\t\t<div class=\"elementor-column elementor-col-33 elementor-top-column elementor-element elementor-element-868b9d7 column-style-top\" data-id=\"868b9d7\" data-element_type=\"column\" data-e-type=\"column\">\n\t\t\t<div class=\"elementor-widget-wrap\">\n\t\t\t\t\t\t\t<\/div>\n\t\t<\/div>\n\t\t\t\t\t<\/div>\n\t\t<\/section>\n\t\t\t\t<\/div>\n\t\t","protected":false},"excerpt":{"rendered":"<p>Defensa para Consumidores Ofrecemos capacitaci\u00f3n para los Especialistas de Pares para defender y apoyar a las personas que participan en los servicios de salud de comportamiento. Los Especialistas de Pares [&hellip;]<\/p>\n","protected":false},"author":3,"featured_media":0,"parent":2028,"menu_order":0,"comment_status":"closed","ping_status":"closed","template":"elementor_header_footer","meta":{"inline_featured_image":false,"footnotes":""},"class_list":["post-2107","page","type-page","status-publish","hentry"],"yoast_head":"<!-- This site is optimized with the Yoast SEO plugin v25.4 - https:\/\/yoast.com\/wordpress\/plugins\/seo\/ -->\n<title>Defensa para Consumidores - Region 3 Behavioral Health Services<\/title>\n<meta name=\"robots\" content=\"index, follow, max-snippet:-1, max-image-preview:large, max-video-preview:-1\" \/>\n<link rel=\"canonical\" href=\"https:\/\/region3.net\/es\/la-manera-en-que-le-ayudamos\/defensa-para-consumidores\/\" \/>\n<meta property=\"og:locale\" content=\"es_ES\" \/>\n<meta property=\"og:type\" content=\"article\" \/>\n<meta property=\"og:title\" content=\"Defensa para Consumidores - Region 3 Behavioral Health Services\" \/>\n<meta property=\"og:description\" content=\"Defensa para Consumidores Ofrecemos capacitaci\u00f3n para los Especialistas de Pares para defender y apoyar a las personas que participan en los servicios de salud de comportamiento. Los Especialistas de Pares [&hellip;]\" \/>\n<meta property=\"og:url\" content=\"https:\/\/region3.net\/es\/la-manera-en-que-le-ayudamos\/defensa-para-consumidores\/\" \/>\n<meta property=\"og:site_name\" content=\"Region 3 Behavioral Health Services\" \/>\n<meta property=\"article:modified_time\" content=\"2024-07-11T17:59:33+00:00\" \/>\n<meta property=\"og:image\" content=\"https:\/\/region3.net\/wp-content\/uploads\/2020\/12\/launch-region3-01.jpg\" \/>\n<meta name=\"twitter:card\" content=\"summary_large_image\" \/>\n<meta name=\"twitter:label1\" content=\"Tiempo de lectura\" \/>\n\t<meta name=\"twitter:data1\" content=\"1 minuto\" \/>\n<script type=\"application\/ld+json\" class=\"yoast-schema-graph\">{\"@context\":\"https:\/\/schema.org\",\"@graph\":[{\"@type\":\"WebPage\",\"@id\":\"https:\/\/region3.net\/es\/la-manera-en-que-le-ayudamos\/defensa-para-consumidores\/\",\"url\":\"https:\/\/region3.net\/es\/la-manera-en-que-le-ayudamos\/defensa-para-consumidores\/\",\"name\":\"Defensa para Consumidores - Region 3 Behavioral Health Services\",\"isPartOf\":{\"@id\":\"https:\/\/region3.net\/es\/#website\"},\"primaryImageOfPage\":{\"@id\":\"https:\/\/region3.net\/es\/la-manera-en-que-le-ayudamos\/defensa-para-consumidores\/#primaryimage\"},\"image\":{\"@id\":\"https:\/\/region3.net\/es\/la-manera-en-que-le-ayudamos\/defensa-para-consumidores\/#primaryimage\"},\"thumbnailUrl\":\"https:\/\/region3.net\/wp-content\/uploads\/2022\/04\/Control-Yours-Nebraska-Map-Design-1024x576.jpg\",\"datePublished\":\"2022-04-06T17:02:07+00:00\",\"dateModified\":\"2024-07-11T17:59:33+00:00\",\"breadcrumb\":{\"@id\":\"https:\/\/region3.net\/es\/la-manera-en-que-le-ayudamos\/defensa-para-consumidores\/#breadcrumb\"},\"inLanguage\":\"es\",\"potentialAction\":[{\"@type\":\"ReadAction\",\"target\":[\"https:\/\/region3.net\/es\/la-manera-en-que-le-ayudamos\/defensa-para-consumidores\/\"]}]},{\"@type\":\"ImageObject\",\"inLanguage\":\"es\",\"@id\":\"https:\/\/region3.net\/es\/la-manera-en-que-le-ayudamos\/defensa-para-consumidores\/#primaryimage\",\"url\":\"https:\/\/region3.net\/wp-content\/uploads\/2022\/04\/Control-Yours-Nebraska-Map-Design-1024x576.jpg\",\"contentUrl\":\"https:\/\/region3.net\/wp-content\/uploads\/2022\/04\/Control-Yours-Nebraska-Map-Design-1024x576.jpg\"},{\"@type\":\"BreadcrumbList\",\"@id\":\"https:\/\/region3.net\/es\/la-manera-en-que-le-ayudamos\/defensa-para-consumidores\/#breadcrumb\",\"itemListElement\":[{\"@type\":\"ListItem\",\"position\":1,\"name\":\"Home\",\"item\":\"https:\/\/region3.net\/es\/\"},{\"@type\":\"ListItem\",\"position\":2,\"name\":\"La Manera en que le Ayudamos\",\"item\":\"https:\/\/region3.net\/es\/la-manera-en-que-le-ayudamos\/\"},{\"@type\":\"ListItem\",\"position\":3,\"name\":\"Defensa para Consumidores\"}]},{\"@type\":\"WebSite\",\"@id\":\"https:\/\/region3.net\/es\/#website\",\"url\":\"https:\/\/region3.net\/es\/\",\"name\":\"Region 3 Behavioral Health Services\",\"description\":\"\",\"publisher\":{\"@id\":\"https:\/\/region3.net\/es\/#organization\"},\"potentialAction\":[{\"@type\":\"SearchAction\",\"target\":{\"@type\":\"EntryPoint\",\"urlTemplate\":\"https:\/\/region3.net\/es\/?s={search_term_string}\"},\"query-input\":{\"@type\":\"PropertyValueSpecification\",\"valueRequired\":true,\"valueName\":\"search_term_string\"}}],\"inLanguage\":\"es\"},{\"@type\":\"Organization\",\"@id\":\"https:\/\/region3.net\/es\/#organization\",\"name\":\"Region 3 Behavioral Health Services\",\"url\":\"https:\/\/region3.net\/es\/\",\"logo\":{\"@type\":\"ImageObject\",\"inLanguage\":\"es\",\"@id\":\"https:\/\/region3.net\/es\/#\/schema\/logo\/image\/\",\"url\":\"https:\/\/region3.net\/wp-content\/uploads\/2020\/12\/region3-logo.jpg\",\"contentUrl\":\"https:\/\/region3.net\/wp-content\/uploads\/2020\/12\/region3-logo.jpg\",\"width\":800,\"height\":499,\"caption\":\"Region 3 Behavioral Health Services\"},\"image\":{\"@id\":\"https:\/\/region3.net\/es\/#\/schema\/logo\/image\/\"}}]}<\/script>\n<!-- \/ Yoast SEO plugin. -->","yoast_head_json":{"title":"Defensa para Consumidores - Region 3 Behavioral Health Services","robots":{"index":"index","follow":"follow","max-snippet":"max-snippet:-1","max-image-preview":"max-image-preview:large","max-video-preview":"max-video-preview:-1"},"canonical":"https:\/\/region3.net\/es\/la-manera-en-que-le-ayudamos\/defensa-para-consumidores\/","og_locale":"es_ES","og_type":"article","og_title":"Defensa para Consumidores - Region 3 Behavioral Health Services","og_description":"Defensa para Consumidores Ofrecemos capacitaci\u00f3n para los Especialistas de Pares para defender y apoyar a las personas que participan en los servicios de salud de comportamiento. Los Especialistas de Pares [&hellip;]","og_url":"https:\/\/region3.net\/es\/la-manera-en-que-le-ayudamos\/defensa-para-consumidores\/","og_site_name":"Region 3 Behavioral Health Services","article_modified_time":"2024-07-11T17:59:33+00:00","og_image":[{"url":"https:\/\/region3.net\/wp-content\/uploads\/2020\/12\/launch-region3-01.jpg","type":"","width":"","height":""}],"twitter_card":"summary_large_image","twitter_misc":{"Tiempo de lectura":"1 minuto"},"schema":{"@context":"https:\/\/schema.org","@graph":[{"@type":"WebPage","@id":"https:\/\/region3.net\/es\/la-manera-en-que-le-ayudamos\/defensa-para-consumidores\/","url":"https:\/\/region3.net\/es\/la-manera-en-que-le-ayudamos\/defensa-para-consumidores\/","name":"Defensa para Consumidores - Region 3 Behavioral Health Services","isPartOf":{"@id":"https:\/\/region3.net\/es\/#website"},"primaryImageOfPage":{"@id":"https:\/\/region3.net\/es\/la-manera-en-que-le-ayudamos\/defensa-para-consumidores\/#primaryimage"},"image":{"@id":"https:\/\/region3.net\/es\/la-manera-en-que-le-ayudamos\/defensa-para-consumidores\/#primaryimage"},"thumbnailUrl":"https:\/\/region3.net\/wp-content\/uploads\/2022\/04\/Control-Yours-Nebraska-Map-Design-1024x576.jpg","datePublished":"2022-04-06T17:02:07+00:00","dateModified":"2024-07-11T17:59:33+00:00","breadcrumb":{"@id":"https:\/\/region3.net\/es\/la-manera-en-que-le-ayudamos\/defensa-para-consumidores\/#breadcrumb"},"inLanguage":"es","potentialAction":[{"@type":"ReadAction","target":["https:\/\/region3.net\/es\/la-manera-en-que-le-ayudamos\/defensa-para-consumidores\/"]}]},{"@type":"ImageObject","inLanguage":"es","@id":"https:\/\/region3.net\/es\/la-manera-en-que-le-ayudamos\/defensa-para-consumidores\/#primaryimage","url":"https:\/\/region3.net\/wp-content\/uploads\/2022\/04\/Control-Yours-Nebraska-Map-Design-1024x576.jpg","contentUrl":"https:\/\/region3.net\/wp-content\/uploads\/2022\/04\/Control-Yours-Nebraska-Map-Design-1024x576.jpg"},{"@type":"BreadcrumbList","@id":"https:\/\/region3.net\/es\/la-manera-en-que-le-ayudamos\/defensa-para-consumidores\/#breadcrumb","itemListElement":[{"@type":"ListItem","position":1,"name":"Home","item":"https:\/\/region3.net\/es\/"},{"@type":"ListItem","position":2,"name":"La Manera en que le Ayudamos","item":"https:\/\/region3.net\/es\/la-manera-en-que-le-ayudamos\/"},{"@type":"ListItem","position":3,"name":"Defensa para Consumidores"}]},{"@type":"WebSite","@id":"https:\/\/region3.net\/es\/#website","url":"https:\/\/region3.net\/es\/","name":"Region 3 Behavioral Health Services","description":"","publisher":{"@id":"https:\/\/region3.net\/es\/#organization"},"potentialAction":[{"@type":"SearchAction","target":{"@type":"EntryPoint","urlTemplate":"https:\/\/region3.net\/es\/?s={search_term_string}"},"query-input":{"@type":"PropertyValueSpecification","valueRequired":true,"valueName":"search_term_string"}}],"inLanguage":"es"},{"@type":"Organization","@id":"https:\/\/region3.net\/es\/#organization","name":"Region 3 Behavioral Health Services","url":"https:\/\/region3.net\/es\/","logo":{"@type":"ImageObject","inLanguage":"es","@id":"https:\/\/region3.net\/es\/#\/schema\/logo\/image\/","url":"https:\/\/region3.net\/wp-content\/uploads\/2020\/12\/region3-logo.jpg","contentUrl":"https:\/\/region3.net\/wp-content\/uploads\/2020\/12\/region3-logo.jpg","width":800,"height":499,"caption":"Region 3 Behavioral Health Services"},"image":{"@id":"https:\/\/region3.net\/es\/#\/schema\/logo\/image\/"}}]}},"_links":{"self":[{"href":"https:\/\/region3.net\/es\/wp-json\/wp\/v2\/pages\/2107","targetHints":{"allow":["GET"]}}],"collection":[{"href":"https:\/\/region3.net\/es\/wp-json\/wp\/v2\/pages"}],"about":[{"href":"https:\/\/region3.net\/es\/wp-json\/wp\/v2\/types\/page"}],"author":[{"embeddable":true,"href":"https:\/\/region3.net\/es\/wp-json\/wp\/v2\/users\/3"}],"replies":[{"embeddable":true,"href":"https:\/\/region3.net\/es\/wp-json\/wp\/v2\/comments?post=2107"}],"version-history":[{"count":0,"href":"https:\/\/region3.net\/es\/wp-json\/wp\/v2\/pages\/2107\/revisions"}],"up":[{"embeddable":true,"href":"https:\/\/region3.net\/es\/wp-json\/wp\/v2\/pages\/2028"}],"wp:attachment":[{"href":"https:\/\/region3.net\/es\/wp-json\/wp\/v2\/media?parent=2107"}],"curies":[{"name":"wp","href":"https:\/\/api.w.org\/{rel}","templated":true}]}}